{"id":2877,"date":"2025-04-15T21:00:30","date_gmt":"2025-04-15T13:00:30","guid":{"rendered":"https:\/\/oufatravel.com\/?page_id=2877"},"modified":"2025-05-16T09:51:07","modified_gmt":"2025-05-16T01:51:07","slug":"autres-besoins","status":"publish","type":"page","link":"https:\/\/oufatravel.com\/en\/autres-besoins\/","title":{"rendered":"Other Services"},"content":{"rendered":"\t\t<div data-elementor-type=\"wp-page\" data-elementor-id=\"2877\" class=\"elementor elementor-2877\" data-elementor-settings=\"{&quot;ha_cmc_init_switcher&quot;:&quot;no&quot;}\" data-elementor-post-type=\"page\">\n\t\t\t\t<div class=\"elementor-element elementor-element-42a4f2a e-flex e-con-boxed e-con e-parent\" data-id=\"42a4f2a\" data-element_type=\"container\" data-e-type=\"container\" data-settings=\"{&quot;background_background&quot;:&quot;classic&quot;,&quot;_ha_eqh_enable&quot;:false}\">\n\t\t\t\t\t<div class=\"e-con-inner\">\n\t\t\t\t<div class=\"elementor-element elementor-element-dfa9f96 elementor-widget elementor-widget-heading\" data-id=\"dfa9f96\" data-element_type=\"widget\" data-e-type=\"widget\" data-widget_type=\"heading.default\">\n\t\t\t\t<div class=\"elementor-widget-container\">\n\t\t\t\t\t<h1 class=\"elementor-heading-title elementor-size-default\">Autres besoins<\/h1>\t\t\t\t<\/div>\n\t\t\t\t<\/div>\n\t\t\t\t<div class=\"elementor-element elementor-element-99e5aa0 elementor-widget-divider--view-line elementor-widget elementor-widget-divider\" data-id=\"99e5aa0\" data-element_type=\"widget\" data-e-type=\"widget\" data-widget_type=\"divider.default\">\n\t\t\t\t<div class=\"elementor-widget-container\">\n\t\t\t\t\t\t\t<div class=\"elementor-divider\">\n\t\t\t<span class=\"elementor-divider-separator\">\n\t\t\t\t\t\t<\/span>\n\t\t<\/div>\n\t\t\t\t\t\t<\/div>\n\t\t\t\t<\/div>\n\t\t\t\t\t<\/div>\n\t\t\t\t<\/div>\n\t\t<div class=\"elementor-element elementor-element-4006b9b e-flex e-con-boxed e-con e-parent\" data-id=\"4006b9b\" data-element_type=\"container\" data-e-type=\"container\" data-settings=\"{&quot;_ha_eqh_enable&quot;:false}\">\n\t\t\t\t\t<div class=\"e-con-inner\">\n\t\t<div class=\"elementor-element elementor-element-1ba0e6b e-con-full e-flex e-con e-child\" data-id=\"1ba0e6b\" data-element_type=\"container\" data-e-type=\"container\" data-settings=\"{&quot;_ha_eqh_enable&quot;:false}\">\n\t\t\t\t<div class=\"elementor-element elementor-element-5a38fa0 elementor-widget elementor-widget-image\" data-id=\"5a38fa0\" data-element_type=\"widget\" data-e-type=\"widget\" data-widget_type=\"image.default\">\n\t\t\t\t<div class=\"elementor-widget-container\">\n\t\t\t\t\t\t\t\t\t\t\t\t\t\t\t\t<a href=\"https:\/\/i0.wp.com\/oufatravel.com\/wp-content\/uploads\/2025\/04\/2123%E5%BA%A7%E5%A5%94%E9%A9%B0%E8%B1%AA%E5%8D%8E%E5%A4%A7%E5%95%86%E5%8A%A12.webp?ssl=1\" data-elementor-open-lightbox=\"yes\" data-elementor-lightbox-title=\"21&amp;23\u5ea7\u5954\u9a70\u8c6a\u534e\u5927\u5546\u52a12\" data-e-action-hash=\"#elementor-action%3Aaction%3Dlightbox%26settings%3DeyJpZCI6MzE4NCwidXJsIjoiaHR0cHM6XC9cL291ZmF0cmF2ZWwuY29tXC93cC1jb250ZW50XC91cGxvYWRzXC8yMDI1XC8wNFwvMjEyM1x1NWVhN1x1NTk1NFx1OWE3MFx1OGM2YVx1NTM0ZVx1NTkyN1x1NTU0Nlx1NTJhMTIud2VicCJ9\">\n\t\t\t\t\t\t\t<img fetchpriority=\"high\" decoding=\"async\" data-attachment-id=\"3184\" data-permalink=\"https:\/\/oufatravel.com\/en\/sprinter-mercedes-21-a-23-places\/2123%e5%ba%a7%e5%a5%94%e9%a9%b0%e8%b1%aa%e5%8d%8e%e5%a4%a7%e5%95%86%e5%8a%a12\/\" data-orig-file=\"https:\/\/i0.wp.com\/oufatravel.com\/wp-content\/uploads\/2025\/04\/2123%E5%BA%A7%E5%A5%94%E9%A9%B0%E8%B1%AA%E5%8D%8E%E5%A4%A7%E5%95%86%E5%8A%A12.webp?fit=878%2C658&amp;ssl=1\" data-orig-size=\"878,658\" data-comments-opened=\"1\" data-image-meta=\"{&quot;aperture&quot;:&quot;0&quot;,&quot;credit&quot;:&quot;&quot;,&quot;camera&quot;:&quot;&quot;,&quot;caption&quot;:&quot;&quot;,&quot;created_timestamp&quot;:&quot;0&quot;,&quot;copyright&quot;:&quot;&quot;,&quot;focal_length&quot;:&quot;0&quot;,&quot;iso&quot;:&quot;0&quot;,&quot;shutter_speed&quot;:&quot;0&quot;,&quot;title&quot;:&quot;&quot;,&quot;orientation&quot;:&quot;0&quot;}\" data-image-title=\"21&amp;#038;23\u5ea7\u5954\u9a70\u8c6a\u534e\u5927\u5546\u52a12\" data-image-description=\"\" data-image-caption=\"\" data-large-file=\"https:\/\/i0.wp.com\/oufatravel.com\/wp-content\/uploads\/2025\/04\/2123%E5%BA%A7%E5%A5%94%E9%A9%B0%E8%B1%AA%E5%8D%8E%E5%A4%A7%E5%95%86%E5%8A%A12.webp?fit=878%2C658&amp;ssl=1\" width=\"878\" height=\"658\" src=\"https:\/\/i0.wp.com\/oufatravel.com\/wp-content\/uploads\/2025\/04\/2123%E5%BA%A7%E5%A5%94%E9%A9%B0%E8%B1%AA%E5%8D%8E%E5%A4%A7%E5%95%86%E5%8A%A12.webp?fit=878%2C658&amp;ssl=1\" class=\"attachment-large size-large wp-image-3184\" alt=\"\" data-attachment-id=\"3184\" data-permalink=\"https:\/\/oufatravel.com\/sprinter-mercedes-21-a-23-places\/2123%e5%ba%a7%e5%a5%94%e9%a9%b0%e8%b1%aa%e5%8d%8e%e5%a4%a7%e5%95%86%e5%8a%a12\/\" data-orig-file=\"https:\/\/i0.wp.com\/oufatravel.com\/wp-content\/uploads\/2025\/04\/2123%E5%BA%A7%E5%A5%94%E9%A9%B0%E8%B1%AA%E5%8D%8E%E5%A4%A7%E5%95%86%E5%8A%A12.webp?fit=878%2C658&amp;ssl=1\" data-orig-size=\"878,658\" data-comments-opened=\"1\" data-image-meta=\"{&quot;aperture&quot;:&quot;0&quot;,&quot;credit&quot;:&quot;&quot;,&quot;camera&quot;:&quot;&quot;,&quot;caption&quot;:&quot;&quot;,&quot;created_timestamp&quot;:&quot;0&quot;,&quot;copyright&quot;:&quot;&quot;,&quot;focal_length&quot;:&quot;0&quot;,&quot;iso&quot;:&quot;0&quot;,&quot;shutter_speed&quot;:&quot;0&quot;,&quot;title&quot;:&quot;&quot;,&quot;orientation&quot;:&quot;0&quot;}\" data-image-title=\"21&amp;#038;23\u5ea7\u5954\u9a70\u8c6a\u534e\u5927\u5546\u52a12\" data-image-description=\"\" data-image-caption=\"\" data-large-file=\"https:\/\/i0.wp.com\/oufatravel.com\/wp-content\/uploads\/2025\/04\/2123%E5%BA%A7%E5%A5%94%E9%A9%B0%E8%B1%AA%E5%8D%8E%E5%A4%A7%E5%95%86%E5%8A%A12.webp?fit=878%2C658&amp;ssl=1\" \/>\t\t\t\t\t\t\t\t<\/a>\n\t\t\t\t\t\t\t\t\t\t\t\t\t\t\t<\/div>\n\t\t\t\t<\/div>\n\t\t\t\t<\/div>\n\t\t<div class=\"elementor-element elementor-element-ae7bd5d e-con-full e-flex e-con e-child\" data-id=\"ae7bd5d\" data-element_type=\"container\" data-e-type=\"container\" data-settings=\"{&quot;_ha_eqh_enable&quot;:false}\">\n\t\t\t\t<div class=\"elementor-element elementor-element-2c17bbb elementor-view-default elementor-widget elementor-widget-icon\" data-id=\"2c17bbb\" data-element_type=\"widget\" data-e-type=\"widget\" data-widget_type=\"icon.default\">\n\t\t\t\t<div class=\"elementor-widget-container\">\n\t\t\t\t\t\t\t<div class=\"elementor-icon-wrapper\">\n\t\t\t<div class=\"elementor-icon\">\n\t\t\t<svg xmlns=\"http:\/\/www.w3.org\/2000\/svg\" width=\"56\" height=\"56\" viewBox=\"0 0 56 56\" fill=\"none\"><path d=\"M44.3332 23.3333V14.4667C44.3332 11.8531 44.3332 10.5463 43.8245 9.54805C43.3772 8.66994 42.6632 7.95604 41.7852 7.50864C40.787 7 39.4801 7 36.8665 7H19.1332C16.5196 7 15.2128 7 14.2146 7.50864C13.3364 7.95604 12.6225 8.66994 12.1751 9.54805C11.6665 10.5463 11.6665 11.8531 11.6665 14.4667V23.3333M11.6665 21H4.6665V18.6667M44.3332 21H51.3332V18.6667M13.9998 31.5H14.0232M41.9998 31.5H42.0232M15.8665 23.3333H40.1332C44.0536 23.3333 46.0136 23.3333 47.5112 24.0963C48.8283 24.7674 49.8991 25.8382 50.5702 27.1553C51.3332 28.6529 51.3332 30.6129 51.3332 34.5333V42C51.3332 44.1744 51.3332 45.2615 50.978 46.1193C50.5044 47.2626 49.5958 48.1712 48.4524 48.6449C47.5947 49 46.5076 49 44.3332 49H42.9332C42.0661 49 41.6326 49 41.2697 48.9426C39.2729 48.6262 37.707 47.0603 37.3906 45.0634C37.3332 44.7006 37.3332 44.2671 37.3332 43.4C37.3332 43.1832 37.3332 43.0747 37.3187 42.9842C37.2398 42.4849 36.8483 42.0933 36.349 42.0145C36.2584 42 36.1499 42 35.9332 42H20.0665C19.8497 42 19.7414 42 19.6507 42.0145C19.1515 42.0933 18.7599 42.4849 18.6809 42.9842C18.6665 43.0747 18.6665 43.1832 18.6665 43.4C18.6665 44.2671 18.6665 44.7006 18.6091 45.0634C18.2928 47.0603 16.7267 48.6262 14.7299 48.9426C14.3671 49 13.9336 49 13.0665 49H11.6665C9.49212 49 8.40492 49 7.54731 48.6449C6.40386 48.1712 5.49537 47.2626 5.02173 46.1193C4.6665 45.2615 4.6665 44.1744 4.6665 42V34.5333C4.6665 30.6129 4.6665 28.6529 5.42946 27.1553C6.10057 25.8382 7.17143 24.7674 8.48857 24.0963C9.98594 23.3333 11.9461 23.3333 15.8665 23.3333ZM15.1665 31.5C15.1665 32.1442 14.6442 32.6667 13.9998 32.6667C13.3555 32.6667 12.8332 32.1442 12.8332 31.5C12.8332 30.8558 13.3555 30.3333 13.9998 30.3333C14.6442 30.3333 15.1665 30.8558 15.1665 31.5ZM43.1665 31.5C43.1665 32.1442 42.6441 32.6667 41.9998 32.6667C41.3556 32.6667 40.8332 32.1442 40.8332 31.5C40.8332 30.8558 41.3556 30.3333 41.9998 30.3333C42.6441 30.3333 43.1665 30.8558 43.1665 31.5Z\" stroke=\"#0D99FF\" stroke-width=\"2\" stroke-linecap=\"round\" stroke-linejoin=\"round\"><\/path><\/svg>\t\t\t<\/div>\n\t\t<\/div>\n\t\t\t\t\t\t<\/div>\n\t\t\t\t<\/div>\n\t\t\t\t<div class=\"elementor-element elementor-element-32c54b6 elementor-widget elementor-widget-text-editor\" data-id=\"32c54b6\" data-element_type=\"widget\" data-e-type=\"widget\" data-widget_type=\"text-editor.default\">\n\t\t\t\t<div class=\"elementor-widget-container\">\n\t\t\t\t\t\t\t\t\t<p>Sauf les services de transport pour le tourisme, les affaires, les \u00e9coles et les mariages, OUFA TRAVEL propose \u00e9galement des services de transport sur mesure en fonction de vos besoins sp\u00e9cifiques. Que ce soit pour des arrangements particuliers dans les r\u00e9gions de <strong><strong style=\"font-size: 24px; color: #0d99ff;\">Nice, Cannes, Monaco <\/strong><\/strong>et leurs environs, nous offrons une gamme de v\u00e9hicules, incluant des mod\u00e8les 8, 9, 21, 23 et 30 places, pour r\u00e9pondre de mani\u00e8re flexible et pr\u00e9cise \u00e0 vos demandes, cr\u00e9ant ainsi une exp\u00e9rience de transport personnalis\u00e9e, efficace et adapt\u00e9e \u00e0 vos besoins.<\/p>\t\t\t\t\t\t\t\t<\/div>\n\t\t\t\t<\/div>\n\t\t\t\t<div class=\"elementor-element elementor-element-fce1b01 elementor-widget elementor-widget-button\" data-id=\"fce1b01\" data-element_type=\"widget\" data-e-type=\"widget\" data-widget_type=\"button.default\">\n\t\t\t\t<div class=\"elementor-widget-container\">\n\t\t\t\t\t\t\t\t\t<div class=\"elementor-button-wrapper\">\n\t\t\t\t\t<a class=\"elementor-button elementor-button-link elementor-size-sm\" href=\"\/contact\/\">\n\t\t\t\t\t\t<span class=\"elementor-button-content-wrapper\">\n\t\t\t\t\t\t\t\t\t<span class=\"elementor-button-text\">Devis Rapide<\/span>\n\t\t\t\t\t<\/span>\n\t\t\t\t\t<\/a>\n\t\t\t\t<\/div>\n\t\t\t\t\t\t\t\t<\/div>\n\t\t\t\t<\/div>\n\t\t\t\t<\/div>\n\t\t\t\t\t<\/div>\n\t\t\t\t<\/div>\n\t\t<div class=\"elementor-element elementor-element-34854d1 e-flex e-con-boxed e-con e-parent\" data-id=\"34854d1\" data-element_type=\"container\" data-e-type=\"container\" data-settings=\"{&quot;background_background&quot;:&quot;classic&quot;,&quot;_ha_eqh_enable&quot;:false}\">\n\t\t\t\t\t<div class=\"e-con-inner\">\n\t\t<div class=\"elementor-element elementor-element-7c4366d e-con-full e-flex e-con e-child\" data-id=\"7c4366d\" data-element_type=\"container\" data-e-type=\"container\" data-settings=\"{&quot;_ha_eqh_enable&quot;:false}\">\n\t\t<div class=\"elementor-element elementor-element-8c9f4b8 e-con-full e-flex e-con e-child\" data-id=\"8c9f4b8\" data-element_type=\"container\" data-e-type=\"container\" data-settings=\"{&quot;_ha_eqh_enable&quot;:false}\">\n\t\t\t\t<div class=\"elementor-element elementor-element-24c2e3a elementor-widget elementor-widget-heading\" data-id=\"24c2e3a\" data-element_type=\"widget\" data-e-type=\"widget\" data-widget_type=\"heading.default\">\n\t\t\t\t<div class=\"elementor-widget-container\">\n\t\t\t\t\t<h2 class=\"elementor-heading-title elementor-size-default\">Contact<\/h2>\t\t\t\t<\/div>\n\t\t\t\t<\/div>\n\t\t\t\t<div class=\"elementor-element elementor-element-385f932 elementor-widget elementor-widget-text-editor\" data-id=\"385f932\" data-element_type=\"widget\" data-e-type=\"widget\" data-widget_type=\"text-editor.default\">\n\t\t\t\t<div class=\"elementor-widget-container\">\n\t\t\t\t\t\t\t\t\t<p>Soci\u00e9t\u00e9 de transport de voyageurs de luxe<\/p>\t\t\t\t\t\t\t\t<\/div>\n\t\t\t\t<\/div>\n\t\t\t\t<\/div>\n\t\t<div class=\"elementor-element elementor-element-91a4a71 e-con-full e-flex e-con e-child\" data-id=\"91a4a71\" data-element_type=\"container\" data-e-type=\"container\" data-settings=\"{&quot;_ha_eqh_enable&quot;:false}\">\n\t\t\t\t<div class=\"elementor-element elementor-element-a69e7a1 elementor-position-inline-start elementor-mobile-position-inline-start elementor-view-default elementor-widget elementor-widget-icon-box\" data-id=\"a69e7a1\" data-element_type=\"widget\" data-e-type=\"widget\" data-widget_type=\"icon-box.default\">\n\t\t\t\t<div class=\"elementor-widget-container\">\n\t\t\t\t\t\t\t<div class=\"elementor-icon-box-wrapper\">\n\n\t\t\t\t\t\t<div class=\"elementor-icon-box-icon\">\n\t\t\t\t<span  class=\"elementor-icon\">\n\t\t\t\t<svg xmlns=\"http:\/\/www.w3.org\/2000\/svg\" width=\"24\" height=\"24\" viewBox=\"0 0 24 24\" fill=\"none\"><path d=\"M2 7L10.1649 12.7154C10.8261 13.1783 11.1567 13.4097 11.5163 13.4993C11.8339 13.5785 12.1661 13.5785 12.4837 13.4993C12.8433 13.4097 13.1739 13.1783 13.8351 12.7154L22 7M6.8 20H17.2C18.8802 20 19.7202 20 20.362 19.673C20.9265 19.3854 21.3854 18.9265 21.673 18.362C22 17.7202 22 16.8802 22 15.2V8.8C22 7.11984 22 6.27976 21.673 5.63803C21.3854 5.07354 20.9265 4.6146 20.362 4.32698C19.7202 4 18.8802 4 17.2 4H6.8C5.11984 4 4.27976 4 3.63803 4.32698C3.07354 4.6146 2.6146 5.07354 2.32698 5.63803C2 6.27976 2 7.11984 2 8.8V15.2C2 16.8802 2 17.7202 2.32698 18.362C2.6146 18.9265 3.07354 19.3854 3.63803 19.673C4.27976 20 5.11984 20 6.8 20Z\" stroke=\"white\" stroke-width=\"2\" stroke-linecap=\"round\" stroke-linejoin=\"round\"><\/path><\/svg>\t\t\t\t<\/span>\n\t\t\t<\/div>\n\t\t\t\n\t\t\t\t\t\t<div class=\"elementor-icon-box-content\">\n\n\t\t\t\t\t\t\t\t\t<h3 class=\"elementor-icon-box-title\">\n\t\t\t\t\t\t<span  >\n\t\t\t\t\t\t\tMail:\t\t\t\t\t\t<\/span>\n\t\t\t\t\t<\/h3>\n\t\t\t\t\n\t\t\t\t\t\t\t\t\t<p class=\"elementor-icon-box-description\">\n\t\t\t\t\t\tbus@oufatravel.com\t\t\t\t\t<\/p>\n\t\t\t\t\n\t\t\t<\/div>\n\t\t\t\n\t\t<\/div>\n\t\t\t\t\t\t<\/div>\n\t\t\t\t<\/div>\n\t\t\t\t<div class=\"elementor-element elementor-element-ed3b74a elementor-position-inline-start elementor-mobile-position-inline-start elementor-view-default elementor-widget elementor-widget-icon-box\" data-id=\"ed3b74a\" data-element_type=\"widget\" data-e-type=\"widget\" data-widget_type=\"icon-box.default\">\n\t\t\t\t<div class=\"elementor-widget-container\">\n\t\t\t\t\t\t\t<div class=\"elementor-icon-box-wrapper\">\n\n\t\t\t\t\t\t<div class=\"elementor-icon-box-icon\">\n\t\t\t\t<span  class=\"elementor-icon\">\n\t\t\t\t<svg xmlns=\"http:\/\/www.w3.org\/2000\/svg\" width=\"24\" height=\"24\" viewBox=\"0 0 24 24\" fill=\"none\"><path d=\"M8.38028 8.85335C9.07627 10.303 10.0251 11.6616 11.2266 12.8632C12.4282 14.0648 13.7869 15.0136 15.2365 15.7096C15.3612 15.7694 15.4235 15.7994 15.5024 15.8224C15.7828 15.9041 16.127 15.8454 16.3644 15.6754C16.4313 15.6275 16.4884 15.5704 16.6027 15.4561C16.9523 15.1064 17.1271 14.9316 17.3029 14.8174C17.9658 14.3864 18.8204 14.3864 19.4833 14.8174C19.6591 14.9316 19.8339 15.1064 20.1835 15.4561L20.3783 15.6509C20.9098 16.1824 21.1755 16.4481 21.3198 16.7335C21.6069 17.301 21.6069 17.9713 21.3198 18.5389C21.1755 18.8242 20.9098 19.09 20.3783 19.6214L20.2207 19.779C19.6911 20.3087 19.4263 20.5735 19.0662 20.7757C18.6667 21.0001 18.0462 21.1615 17.588 21.1601C17.1751 21.1589 16.8928 21.0788 16.3284 20.9186C13.295 20.0576 10.4326 18.4332 8.04466 16.0452C5.65668 13.6572 4.03221 10.7948 3.17124 7.76144C3.01103 7.19699 2.93092 6.91477 2.9297 6.50182C2.92833 6.0436 3.08969 5.42311 3.31411 5.0236C3.51636 4.66357 3.78117 4.39876 4.3108 3.86913L4.46843 3.7115C4.99987 3.18006 5.2656 2.91433 5.55098 2.76999C6.11854 2.48292 6.7888 2.48292 7.35636 2.76999C7.64174 2.91433 7.90747 3.18006 8.43891 3.7115L8.63378 3.90637C8.98338 4.25597 9.15819 4.43078 9.27247 4.60655C9.70347 5.26945 9.70347 6.12403 9.27247 6.78692C9.15819 6.96269 8.98338 7.1375 8.63378 7.4871C8.51947 7.60142 8.46231 7.65857 8.41447 7.72538C8.24446 7.96281 8.18576 8.30707 8.26748 8.58743C8.29048 8.66632 8.32041 8.72866 8.38028 8.85335Z\" stroke=\"white\" stroke-width=\"2\" stroke-linecap=\"round\" stroke-linejoin=\"round\"><\/path><\/svg>\t\t\t\t<\/span>\n\t\t\t<\/div>\n\t\t\t\n\t\t\t\t\t\t<div class=\"elementor-icon-box-content\">\n\n\t\t\t\t\t\t\t\t\t<h3 class=\"elementor-icon-box-title\">\n\t\t\t\t\t\t<span  >\n\t\t\t\t\t\t\tT\u00e9l\u00e9phone:\t\t\t\t\t\t<\/span>\n\t\t\t\t\t<\/h3>\n\t\t\t\t\n\t\t\t\t\t\t\t\t\t<p class=\"elementor-icon-box-description\">\n\t\t\t\t\t\t+33 490222777<br>\n+33 651159888\t\t\t\t\t<\/p>\n\t\t\t\t\n\t\t\t<\/div>\n\t\t\t\n\t\t<\/div>\n\t\t\t\t\t\t<\/div>\n\t\t\t\t<\/div>\n\t\t\t\t<\/div>\n\t\t\t\t<div class=\"elementor-element elementor-element-61359b2 elementor-widget-divider--view-line elementor-widget elementor-widget-divider\" data-id=\"61359b2\" data-element_type=\"widget\" data-e-type=\"widget\" data-widget_type=\"divider.default\">\n\t\t\t\t<div class=\"elementor-widget-container\">\n\t\t\t\t\t\t\t<div class=\"elementor-divider\">\n\t\t\t<span class=\"elementor-divider-separator\">\n\t\t\t\t\t\t<\/span>\n\t\t<\/div>\n\t\t\t\t\t\t<\/div>\n\t\t\t\t<\/div>\n\t\t\t\t<div class=\"elementor-element elementor-element-10fe824 e-grid-align-left elementor-shape-rounded elementor-grid-0 elementor-widget elementor-widget-social-icons\" data-id=\"10fe824\" data-element_type=\"widget\" data-e-type=\"widget\" data-widget_type=\"social-icons.default\">\n\t\t\t\t<div class=\"elementor-widget-container\">\n\t\t\t\t\t\t\t<div class=\"elementor-social-icons-wrapper elementor-grid\" role=\"list\">\n\t\t\t\t\t\t\t<span class=\"elementor-grid-item\" role=\"listitem\">\n\t\t\t\t\t<a class=\"elementor-icon elementor-social-icon elementor-social-icon- elementor-repeater-item-008f02e\" href=\"https:\/\/www.instagram.com\/oufa_travel?igsh=bmw3NnV4NXBnbWxo&#038;utm_source=qr\" target=\"_blank\">\n\t\t\t\t\t\t<span class=\"elementor-screen-only\"><\/span>\n\t\t\t\t\t\t<svg xmlns=\"http:\/\/www.w3.org\/2000\/svg\" width=\"28\" height=\"28\" viewBox=\"0 0 28 28\" fill=\"none\"><rect width=\"28\" height=\"28\" rx=\"4\" fill=\"#0D99FF\"><\/rect><path d=\"M14 11.3965C12.5664 11.3965 11.3965 12.5664 11.3965 14C11.3965 15.4336 12.5664 16.6035 14 16.6035C15.4336 16.6035 16.6035 15.4336 16.6035 14C16.6035 12.5664 15.4336 11.3965 14 11.3965Z\" fill=\"white\"><\/path><path d=\"M21.8087 13.9996C21.8087 12.9215 21.8185 11.8531 21.7579 10.7769C21.6974 9.52695 21.4122 8.41757 20.4981 7.50351C19.5821 6.58749 18.4747 6.30429 17.2247 6.24374C16.1466 6.1832 15.0782 6.19296 14.002 6.19296C12.9239 6.19296 11.8556 6.1832 10.7794 6.24374C9.52939 6.30429 8.42001 6.58945 7.50595 7.50351C6.58994 8.41953 6.30673 9.52695 6.24619 10.7769C6.18564 11.8551 6.19541 12.9234 6.19541 13.9996C6.19541 15.0758 6.18564 16.1461 6.24619 17.2223C6.30673 18.4723 6.59189 19.5816 7.50595 20.4957C8.42197 21.4117 9.52939 21.6949 10.7794 21.7555C11.8575 21.816 12.9259 21.8062 14.002 21.8062C15.0802 21.8062 16.1485 21.816 17.2247 21.7555C18.4747 21.6949 19.5841 21.4098 20.4981 20.4957C21.4142 19.5797 21.6974 18.4723 21.7579 17.2223C21.8204 16.1461 21.8087 15.0777 21.8087 13.9996ZM14.0001 18.0055C11.7833 18.0055 9.99423 16.2164 9.99423 13.9996C9.99423 11.7828 11.7833 9.99374 14.0001 9.99374C16.2169 9.99374 18.006 11.7828 18.006 13.9996C18.006 16.2164 16.2169 18.0055 14.0001 18.0055ZM18.17 10.7652C17.6524 10.7652 17.2345 10.3473 17.2345 9.82968C17.2345 9.3121 17.6524 8.89414 18.17 8.89414C18.6876 8.89414 19.1056 9.3121 19.1056 9.82968C19.1036 10.3492 18.6876 10.7652 18.17 10.7652Z\" fill=\"white\"><\/path><\/svg>\t\t\t\t\t<\/a>\n\t\t\t\t<\/span>\n\t\t\t\t\t\t\t<span class=\"elementor-grid-item\" role=\"listitem\">\n\t\t\t\t\t<a class=\"elementor-icon elementor-social-icon elementor-social-icon- elementor-repeater-item-2119a04\" href=\"https:\/\/www.facebook.com\/OufaTravel\" target=\"_blank\">\n\t\t\t\t\t\t<span class=\"elementor-screen-only\"><\/span>\n\t\t\t\t\t\t<svg xmlns=\"http:\/\/www.w3.org\/2000\/svg\" width=\"28\" height=\"28\" viewBox=\"0 0 28 28\" fill=\"none\"><rect width=\"28\" height=\"28\" rx=\"4\" fill=\"#0D99FF\"><\/rect><path d=\"M17.9911 6.10686V8.464H16.5893C15.4911 8.464 15.2859 8.99086 15.2859 9.74971V11.4371H17.9019L17.5539 14.08H15.2859V20.8566H12.5539V14.08H10.2773V11.4371H12.5539V9.49086C12.5539 7.232 13.9379 6 15.9556 6C16.9196 6 17.7505 6.07143 17.9916 6.10686H17.9911Z\" fill=\"white\"><\/path><\/svg>\t\t\t\t\t<\/a>\n\t\t\t\t<\/span>\n\t\t\t\t\t<\/div>\n\t\t\t\t\t\t<\/div>\n\t\t\t\t<\/div>\n\t\t\t\t<\/div>\n\t\t<div class=\"elementor-element elementor-element-fa64c91 e-con-full e-flex e-con e-child\" data-id=\"fa64c91\" data-element_type=\"container\" data-e-type=\"container\" data-settings=\"{&quot;background_background&quot;:&quot;classic&quot;,&quot;_ha_eqh_enable&quot;:false}\">\n\t\t\t\t<div class=\"elementor-element elementor-element-5cb2616 elementor-widget elementor-widget-ha-wpform happy-addon ha-wpform\" data-id=\"5cb2616\" data-element_type=\"widget\" data-e-type=\"widget\" data-widget_type=\"ha-wpform.default\">\n\t\t\t\t<div class=\"elementor-widget-container\">\n\t\t\t\t\t<div class=\"wpforms-container wpforms-container-full\" id=\"wpforms-2662\"><form id=\"wpforms-form-2662\" class=\"wpforms-validate wpforms-form wpforms-ajax-form\" data-formid=\"2662\" method=\"post\" enctype=\"multipart\/form-data\" action=\"\/en\/wp-json\/wp\/v2\/pages\/2877\" data-token=\"7426bd1baaf139a27d3b0c94dc441b01\"><noscript class=\"wpforms-error-noscript\">Please enable JavaScript in your browser to complete this form.<\/noscript><div class=\"wpforms-field-container\"><div id=\"wpforms-2662-field_1-container\" class=\"wpforms-field wpforms-field-name\" data-field-id=\"1\"><label class=\"wpforms-field-label wpforms-label-hide\" for=\"wpforms-2662-field_1\">NOM <span class=\"wpforms-required-label\">*<\/span><\/label><input type=\"text\" id=\"wpforms-2662-field_1\" class=\"wpforms-field-large wpforms-field-required\" name=\"wpforms[fields][1]\" placeholder=\"NOM*\" required><\/div><div id=\"wpforms-2662-field_2-container\" class=\"wpforms-field wpforms-field-email\" data-field-id=\"2\"><label class=\"wpforms-field-label wpforms-label-hide\" for=\"wpforms-2662-field_2\">Mail <span class=\"wpforms-required-label\">*<\/span><\/label><input type=\"email\" id=\"wpforms-2662-field_2\" class=\"wpforms-field-large wpforms-field-required\" name=\"wpforms[fields][2]\" placeholder=\"Mail*\" required><\/div><div id=\"wpforms-2662-field_3-container\" class=\"wpforms-field wpforms-field-textarea\" data-field-id=\"3\"><label class=\"wpforms-field-label wpforms-label-hide\" for=\"wpforms-2662-field_3\">Message<\/label><textarea id=\"wpforms-2662-field_3\" class=\"wpforms-field-large\" name=\"wpforms[fields][3]\" placeholder=\"Message\" ><\/textarea><\/div><\/div><div class=\"wpforms-submit-container\"><input type=\"hidden\" name=\"wpforms[id]\" value=\"2662\"><input type=\"hidden\" name=\"wpforms[author]\" value=\"202852057\">\t\t<div id=\"cf-turnstile-wpf-2356473889\"\r\n\t\tclass=\"cf-turnstile\" \t\tdata-sitekey=\"0x4AAAAAABar98BTpIQZoVoM\"\r\n\t\tdata-theme=\"light\"\r\n\t\tdata-language=\"auto\"\r\n\t\tdata-size=\"normal\"\r\n\t\tdata-retry=\"auto\" data-retry-interval=\"1000\"\r\n\t\tdata-refresh-expired=\"auto\"\r\n\t\tdata-refresh-timeout=\"auto\"\r\n\t\tdata-action=\"wpforms-2662\"\r\n\t\tdata-callback=\"turnstileWPFCallback\"\r\n\t\t\t\tdata-appearance=\"always\"><\/div>\r\n\t\t\t<script>document.addEventListener(\"DOMContentLoaded\", function() { setTimeout(function(){ var e=document.getElementById(\"cf-turnstile-wpf-2356473889\"); if(e&&!e.innerHTML.trim()){turnstile.render(e, {sitekey:\"0x4AAAAAABar98BTpIQZoVoM\"});} }, 200); });<\/script>\r\n\t\t\t<br class=\"cf-turnstile-br cf-turnstile-br-wpf-2356473889\">\r\n\t\t\t\t<style>#cf-turnstile-wpf-2356473889 { margin-left: -15px; }<\/style>\r\n\t\t<button type=\"submit\" name=\"wpforms[submit]\" id=\"wpforms-submit-2662\" class=\"wpforms-submit\" data-alt-text=\"Envoyer...\" data-submit-text=\"Envoyer\" aria-live=\"assertive\" value=\"wpforms-submit\">Envoyer<\/button><img decoding=\"async\" src=\"https:\/\/oufatravel.com\/wp-content\/plugins\/wpforms\/assets\/images\/submit-spin.svg\" class=\"wpforms-submit-spinner\" style=\"display: none;\" width=\"26\" height=\"26\" alt=\"Loading\"><\/div><\/form><\/div>  <!-- .wpforms-container -->\t\t\t\t<\/div>\n\t\t\t\t<\/div>\n\t\t\t\t<\/div>\n\t\t\t\t\t<\/div>\n\t\t\t\t<\/div>\n\t\t\t\t<\/div>\n\t\t","protected":false},"excerpt":{"rendered":"<p>Autres besoins Sauf les services de transport pour le tourisme, les affaires, les \u00e9coles et les mariages, OUFA TRAVEL propose \u00e9galement des services de transport sur mesure en fonction de vos besoins sp\u00e9cifiques. Que ce soit pour des arrangements particuliers dans les r\u00e9gions de Nice, Cannes, Monaco et leurs environs, nous offrons une gamme de [&hellip;]<\/p>\n","protected":false},"author":202852057,"featured_media":0,"parent":0,"menu_order":0,"comment_status":"closed","ping_status":"closed","template":"","meta":{"_coblocks_attr":"","_coblocks_dimensions":"","_coblocks_responsive_height":"","_coblocks_accordion_ie_support":"","_crdt_document":"","advanced_seo_description":"","jetpack_seo_html_title":"","jetpack_seo_noindex":false,"footnotes":""},"class_list":["post-2877","page","type-page","status-publish","hentry"],"blocksy_meta":{"has_hero_section":"disabled","vertical_spacing_source":"custom","content_area_spacing":"none","styles_descriptor":{"styles":{"desktop":"","tablet":"","mobile":""},"google_fonts":[],"version":6}},"jetpack_likes_enabled":true,"jetpack_sharing_enabled":true,"jetpack_shortlink":"https:\/\/wp.me\/PcSzUE-Kp","_links":{"self":[{"href":"https:\/\/oufatravel.com\/en\/wp-json\/wp\/v2\/pages\/2877","targetHints":{"allow":["GET"]}}],"collection":[{"href":"https:\/\/oufatravel.com\/en\/wp-json\/wp\/v2\/pages"}],"about":[{"href":"https:\/\/oufatravel.com\/en\/wp-json\/wp\/v2\/types\/page"}],"author":[{"embeddable":true,"href":"https:\/\/oufatravel.com\/en\/wp-json\/wp\/v2\/users\/202852057"}],"replies":[{"embeddable":true,"href":"https:\/\/oufatravel.com\/en\/wp-json\/wp\/v2\/comments?post=2877"}],"version-history":[{"count":39,"href":"https:\/\/oufatravel.com\/en\/wp-json\/wp\/v2\/pages\/2877\/revisions"}],"predecessor-version":[{"id":4274,"href":"https:\/\/oufatravel.com\/en\/wp-json\/wp\/v2\/pages\/2877\/revisions\/4274"}],"wp:attachment":[{"href":"https:\/\/oufatravel.com\/en\/wp-json\/wp\/v2\/media?parent=2877"}],"curies":[{"name":"wp","href":"https:\/\/api.w.org\/{rel}","templated":true}]}}